{"id":5284,"date":"2016-02-11T15:15:19","date_gmt":"2016-02-11T15:15:19","guid":{"rendered":"http:\/\/zephyr.us-themes.com\/?page_id=5284"},"modified":"2020-11-09T07:33:53","modified_gmt":"2020-11-09T07:33:53","slug":"latest-news-2","status":"publish","type":"page","link":"https:\/\/www.rollresearch.fi\/newsite\/latest-news-2\/","title":{"rendered":"Latest News"},"content":{"rendered":"<section class=\"l-section wpb_row height_small\"><div class=\"l-section-h i-cf\"><div class=\"g-cols vc_row type_default valign_top\"><div class=\"vc_col-sm-12 wpb_column vc_column_container\"><div class=\"vc_column-inner\"><div class=\"wpb_wrapper\"><div class=\"w-grid type_masonry layout_blog_10 cols_3 overflow_hidden with_filters with_isotope\" id=\"us_grid_1\"><style id=\"us_grid_1_css\">#us_grid_1 .w-grid-item{padding:4px}#us_grid_1 .w-grid-list{margin:4px -4px}.w-grid + #us_grid_1 .w-grid-list{margin-top:4px}@media (max-width:899px){#us_grid_1 .w-grid-item{width:50.0000%}}@media (max-width:599px){#us_grid_1 .w-grid-list{margin:0}#us_grid_1 .w-grid-item{width:100.0000%;padding:0;margin-bottom:4px}}<\/style><style>.layout_blog_10 .w-grid-item-h{background:#333;border-radius:0.3rem;z-index:3;box-shadow:0 0.03rem 0.06rem rgba(0,0,0,0.1),0 0.10rem 0.30rem rgba(0,0,0,0.1);transition-duration:0.3s}.no-touch .layout_blog_10 .w-grid-item-h:hover{box-shadow:0 0.12rem 0.24rem rgba(0,0,0,0.1),0 0.40rem 1.20rem rgba(0,0,0,0.15);z-index:4}.layout_blog_10 .usg_vwrapper_1{position:absolute!important;right:0!important;bottom:0!important;left:0!important;background:linear-gradient(transparent,rgba(30,30,30,0.8))!important;padding:15% 7% 7% 7%!important}.layout_blog_10 .usg_post_taxonomy_1{font-size:10px!important;font-weight:700!important;text-transform:uppercase!important;margin-bottom:0.5rem!important}.layout_blog_10 .usg_post_title_1{color:#fff!important;font-size:1.4rem!important;font-weight:700!important}@media (max-width:599px){.layout_blog_10 .usg_post_title_1{font-size:1.2rem!important}}<\/style><div class=\"g-filters style_3 align_center\"><div class=\"g-filters-list\"><a class=\"g-filters-item active\" href=\"javascript:void(0)\" data-taxonomy=\"*\"><span>All<\/span><\/a><a class=\"g-filters-item\" href=\"javascript:void(0)\" data-taxonomy=\"uncategorized\" data-amount=\"3\"><span>News<\/span><span class=\"g-filters-item-amount\">3<\/span><\/a><a class=\"g-filters-item\" href=\"javascript:void(0)\" data-taxonomy=\"research\" data-amount=\"1\"><span>Research<\/span><span class=\"g-filters-item-amount\">1<\/span><\/a><\/div><\/div><div class=\"w-grid-list\"  data-filter_taxonomy_name=\"category\">\t<article class=\"w-grid-item size_1x1 post-23909 post type-post status-publish format-standard has-post-thumbnail hentry category-uncategorized category-research\" data-id=\"23909\">\r\n\t\t<div class=\"w-grid-item-h\">\r\n\t\t\t\t\t\t<div class=\"w-post-elm post_image usg_post_image_1 stretched\"><a href=\"https:\/\/www.rollresearch.fi\/newsite\/microprobe\/\" aria-label=\"Good results on a new online surface roughness meter tests\"><img loading=\"lazy\" decoding=\"async\" width=\"2560\" height=\"1440\" src=\"https:\/\/www.rollresearch.fi\/newsite\/wp-content\/uploads\/2020\/11\/Tuomas-asentamassa-microprobea-scaled.jpg\" class=\"attachment-us_600_400_crop size-us_600_400_crop wp-post-image\" alt=\"\" srcset=\"https:\/\/www.rollresearch.fi\/newsite\/wp-content\/uploads\/2020\/11\/Tuomas-asentamassa-microprobea-scaled.jpg 2560w, https:\/\/www.rollresearch.fi\/newsite\/wp-content\/uploads\/2020\/11\/Tuomas-asentamassa-microprobea-300x169.jpg 300w, https:\/\/www.rollresearch.fi\/newsite\/wp-content\/uploads\/2020\/11\/Tuomas-asentamassa-microprobea-1024x576.jpg 1024w\" sizes=\"auto, (max-width: 2560px) 100vw, 2560px\" \/><\/a><\/div><div class=\"w-vwrapper usg_vwrapper_1 align_left valign_top\"><div class=\"w-post-elm post_taxonomy usg_post_taxonomy_1 style_badge color_link_inherit\"><div class=\"w-post-elm-list\"><a class=\"w-btn us-btn-style_badge\" href=\"https:\/\/www.rollresearch.fi\/newsite\/category\/uncategorized\/\"><span class=\"w-btn-label\">News<\/span><\/a><a class=\"w-btn us-btn-style_badge\" href=\"https:\/\/www.rollresearch.fi\/newsite\/category\/research\/\"><span class=\"w-btn-label\">Research<\/span><\/a><\/div><\/div><h2 class=\"w-post-elm post_title usg_post_title_1 entry-title color_link_inherit has_text_color\"><a href=\"https:\/\/www.rollresearch.fi\/newsite\/microprobe\/\">Good results on a new online surface roughness meter tests<\/a><\/h2><\/div>\t\t<\/div>\r\n\t<\/article>\r\n\t<article class=\"w-grid-item size_1x1 post-92 post type-post status-publish format-standard has-post-thumbnail hentry category-uncategorized\" data-id=\"92\">\r\n\t\t<div class=\"w-grid-item-h\">\r\n\t\t\t\t\t\t<div class=\"w-post-elm post_image usg_post_image_1 stretched\"><a href=\"https:\/\/www.rollresearch.fi\/newsite\/cipte-2017-shenzhen-china\/\" aria-label=\"CIPTE 2017, Shenzhen, China\"><img loading=\"lazy\" decoding=\"async\" width=\"545\" height=\"658\" src=\"https:\/\/www.rollresearch.fi\/newsite\/wp-content\/uploads\/2020\/01\/RR_kuvituskuva3.png\" class=\"attachment-us_600_400_crop size-us_600_400_crop wp-post-image\" alt=\"\" srcset=\"https:\/\/www.rollresearch.fi\/newsite\/wp-content\/uploads\/2020\/01\/RR_kuvituskuva3.png 545w, https:\/\/www.rollresearch.fi\/newsite\/wp-content\/uploads\/2020\/01\/RR_kuvituskuva3-248x300.png 248w\" sizes=\"auto, (max-width: 545px) 100vw, 545px\" \/><\/a><\/div><div class=\"w-vwrapper usg_vwrapper_1 align_left valign_top\"><div class=\"w-post-elm post_taxonomy usg_post_taxonomy_1 style_badge color_link_inherit\"><a class=\"w-btn us-btn-style_badge\" href=\"https:\/\/www.rollresearch.fi\/newsite\/category\/uncategorized\/\"><span class=\"w-btn-label\">News<\/span><\/a><\/div><h2 class=\"w-post-elm post_title usg_post_title_1 entry-title color_link_inherit has_text_color\"><a href=\"https:\/\/www.rollresearch.fi\/newsite\/cipte-2017-shenzhen-china\/\">CIPTE 2017, Shenzhen, China<\/a><\/h2><\/div>\t\t<\/div>\r\n\t<\/article>\r\n\t<article class=\"w-grid-item size_1x1 post-85 post type-post status-publish format-standard has-post-thumbnail hentry category-uncategorized\" data-id=\"85\">\r\n\t\t<div class=\"w-grid-item-h\">\r\n\t\t\t\t\t\t<div class=\"w-post-elm post_image usg_post_image_1 stretched\"><a href=\"https:\/\/www.rollresearch.fi\/newsite\/german-eddy-current-ndt-technology-used-by-rollresearch\/\" aria-label=\"German eddy-current NDT technology used by RollResearch\"><img loading=\"lazy\" decoding=\"async\" width=\"498\" height=\"685\" src=\"https:\/\/www.rollresearch.fi\/newsite\/wp-content\/uploads\/2020\/01\/RollResearch_kuvituskuva1-1.png\" class=\"attachment-us_600_400_crop size-us_600_400_crop wp-post-image\" alt=\"\" srcset=\"https:\/\/www.rollresearch.fi\/newsite\/wp-content\/uploads\/2020\/01\/RollResearch_kuvituskuva1-1.png 498w, https:\/\/www.rollresearch.fi\/newsite\/wp-content\/uploads\/2020\/01\/RollResearch_kuvituskuva1-1-218x300.png 218w\" sizes=\"auto, (max-width: 498px) 100vw, 498px\" \/><\/a><\/div><div class=\"w-vwrapper usg_vwrapper_1 align_left valign_top\"><div class=\"w-post-elm post_taxonomy usg_post_taxonomy_1 style_badge color_link_inherit\"><a class=\"w-btn us-btn-style_badge\" href=\"https:\/\/www.rollresearch.fi\/newsite\/category\/uncategorized\/\"><span class=\"w-btn-label\">News<\/span><\/a><\/div><h2 class=\"w-post-elm post_title usg_post_title_1 entry-title color_link_inherit has_text_color\"><a href=\"https:\/\/www.rollresearch.fi\/newsite\/german-eddy-current-ndt-technology-used-by-rollresearch\/\">German eddy-current NDT technology used by RollResearch<\/a><\/h2><\/div>\t\t<\/div>\r\n\t<\/article>\r\n<\/div><div class=\"w-grid-preloader\"><div class=\"g-preloader type_1\">\r\n\t<div><\/div>\r\n<\/div>\r\n<\/div>\t<div class=\"w-grid-json hidden\" onclick='return {&quot;action&quot;:&quot;us_ajax_grid&quot;,&quot;ajax_url&quot;:&quot;https:\\\/\\\/www.rollresearch.fi\\\/newsite\\\/wp-admin\\\/admin-ajax.php&quot;,&quot;infinite_scroll&quot;:0,&quot;max_num_pages&quot;:1,&quot;pagination&quot;:&quot;infinite&quot;,&quot;permalink_url&quot;:&quot;https:\\\/\\\/www.rollresearch.fi\\\/newsite\\\/wp-json\\\/wp\\\/v2\\\/pages\\\/5284&quot;,&quot;template_vars&quot;:{&quot;columns&quot;:&quot;3&quot;,&quot;exclude_items&quot;:&quot;none&quot;,&quot;img_size&quot;:&quot;us_600_400_crop&quot;,&quot;ignore_items_size&quot;:false,&quot;items_layout&quot;:&quot;blog_10&quot;,&quot;items_offset&quot;:&quot;1&quot;,&quot;load_animation&quot;:&quot;none&quot;,&quot;overriding_link&quot;:&quot;none&quot;,&quot;post_id&quot;:5284,&quot;query_args&quot;:{&quot;post_type&quot;:[&quot;post&quot;],&quot;post_status&quot;:[&quot;publish&quot;],&quot;posts_per_page&quot;:&quot;9&quot;},&quot;orderby_query_args&quot;:{&quot;orderby&quot;:{&quot;date&quot;:&quot;DESC&quot;}},&quot;type&quot;:&quot;masonry&quot;,&quot;us_grid_ajax_index&quot;:1,&quot;us_grid_filter_params&quot;:null,&quot;us_grid_index&quot;:1,&quot;_us_grid_post_type&quot;:&quot;post&quot;}}'><\/div>\r\n\t<\/div><\/div><\/div><\/div><\/div><\/div><\/section>\n","protected":false},"excerpt":{"rendered":"RollResearch is proud to announce the use of an eddy current measurement instrument (inspECT\u00ae) from Fraunhofer Institut f\u00fcr Zerst\u00f6rungsfreie Pr\u00fcfverfahren IZFP (Fraunhofer Institute for Nondestructive Testing) in its Hybrid FDTM flaw detection device. The decision to use inspECT\u00ae was the result of a thorough evaluation process in which the best instrument was selected. Fraunhofer IZFP...","protected":false},"author":1,"featured_media":0,"parent":0,"menu_order":0,"comment_status":"closed","ping_status":"closed","template":"","meta":{"footnotes":""},"class_list":["post-5284","page","type-page","status-publish","hentry"],"_links":{"self":[{"href":"https:\/\/www.rollresearch.fi\/newsite\/wp-json\/wp\/v2\/pages\/5284","targetHints":{"allow":["GET"]}}],"collection":[{"href":"https:\/\/www.rollresearch.fi\/newsite\/wp-json\/wp\/v2\/pages"}],"about":[{"href":"https:\/\/www.rollresearch.fi\/newsite\/wp-json\/wp\/v2\/types\/page"}],"author":[{"embeddable":true,"href":"https:\/\/www.rollresearch.fi\/newsite\/wp-json\/wp\/v2\/users\/1"}],"replies":[{"embeddable":true,"href":"https:\/\/www.rollresearch.fi\/newsite\/wp-json\/wp\/v2\/comments?post=5284"}],"version-history":[{"count":4,"href":"https:\/\/www.rollresearch.fi\/newsite\/wp-json\/wp\/v2\/pages\/5284\/revisions"}],"predecessor-version":[{"id":23893,"href":"https:\/\/www.rollresearch.fi\/newsite\/wp-json\/wp\/v2\/pages\/5284\/revisions\/23893"}],"wp:attachment":[{"href":"https:\/\/www.rollresearch.fi\/newsite\/wp-json\/wp\/v2\/media?parent=5284"}],"curies":[{"name":"wp","href":"https:\/\/api.w.org\/{rel}","templated":true}]}}